{"id":378,"date":"2019-11-03T15:37:40","date_gmt":"2019-11-03T15:37:40","guid":{"rendered":"http:\/\/matthieu.choblet.com\/?page_id=378"},"modified":"2023-10-18T08:44:36","modified_gmt":"2023-10-18T08:44:36","slug":"ueber-diese-seite","status":"publish","type":"page","link":"http:\/\/matthieu.choblet.com\/?page_id=378","title":{"rendered":"Zur Person \/ L&#8217;auteur"},"content":{"rendered":"\n<p>[DE] <\/p>\n\n\n\n<p>Mein Name ist Matthieu Choblet. Ich habe in K\u00f6ln, Aix-en-Provence, Newcastle und Aachen Sprachen, Wirtschaft und Politik studiert. 2014 wurde ich an der RWTH Aachen \u00fcber \u201eDie Finanzkrise in der Eurozone: Ursache und Wirkung aus der Sicht der kritischen Politischen \u00d6konomie\u201c promoviert. Seit 2016 lebe ich im Saarland und arbeite f\u00fcr die Landesregierung.<\/p>\n\n\n\n<p>Auf dieser Seite sammle ich private Projekte, meistens aus Politik und \u00d6konomie, manchmal Kunst, Eindr\u00fccke von Reisen und andere kleine Dinge, die mich besch\u00e4ftigen. Nachrichten und Fragen \u2013 per E-Mail oder direkt \u00fcber die Kommentarfunktion unter jedem Beitrag \u2013 beantworte ich gern.<\/p>\n\n\n\n<p>Viel Spa\u00df beim St\u00f6bern!<\/p>\n\n\n\n<p><\/p>\n\n\n\n<p>[FR]<\/p>\n\n\n\n<p>Je m&#8217;appelle Matthieu Choblet. J&#8217;ai \u00e9tudi\u00e9 les langues, l&#8217;\u00e9conomie et les sciences politiques \u00e0 Cologne, Aix-en-Provence, Newcastle et Aix-la-Chapelle. En 2014, j&#8217;ai obtenu mon doctorat \u00e0 l&#8217;universit\u00e9 d&#8217;Aix-la-Chapelle sur &#8222;La crise financi\u00e8re dans la zone euro : causes et effets du point de vue de l&#8217;\u00e9conomie politique <em>critique<\/em>&#8220; . Depuis 2016, je vis en Sarre et travaille pour le gouvernement du Land.<\/p>\n\n\n\n<p>Sur ce site, je rassemble des projets priv\u00e9s, le plus souvent dans le domaine de la politique et de l&#8217;\u00e9conomie, parfois de l&#8217;art, des impressions de voyages et d&#8217;autres petites choses qui me pr\u00e9occupent. Je r\u00e9ponds volontiers aux messages et aux questions &#8211; par e-mail ou directement via la fonction de commentaire sous chaque article.<\/p>\n\n\n\n<p>Bonne visite !<\/p>\n","protected":false},"excerpt":{"rendered":"<p>[DE] Mein Name ist Matthieu Choblet. Ich habe in K\u00f6ln, Aix-en-Provence, Newcastle und Aachen Sprachen, Wirtschaft und Politik studiert. 2014 wurde ich an der RWTH Aachen \u00fcber \u201eDie Finanzkrise in der Eurozone: Ursache und Wirkung aus der Sicht der kritischen Politischen \u00d6konomie\u201c promoviert. Seit 2016 lebe ich im Saarland und arbeite f\u00fcr die Landesregierung. Auf &hellip; <\/p>\n<p class=\"link-more\"><a href=\"http:\/\/matthieu.choblet.com\/?page_id=378\" class=\"more-link\"><span class=\"screen-reader-text\">\u201eZur Person \/ L&#8217;auteur\u201c<\/span> weiterlesen<\/a><\/p>\n","protected":false},"author":1,"featured_media":0,"parent":0,"menu_order":0,"comment_status":"closed","ping_status":"closed","template":"","meta":{"footnotes":""},"class_list":["post-378","page","type-page","status-publish","hentry"],"_links":{"self":[{"href":"http:\/\/matthieu.choblet.com\/index.php?rest_route=\/wp\/v2\/pages\/378","targetHints":{"allow":["GET"]}}],"collection":[{"href":"http:\/\/matthieu.choblet.com\/index.php?rest_route=\/wp\/v2\/pages"}],"about":[{"href":"http:\/\/matthieu.choblet.com\/index.php?rest_route=\/wp\/v2\/types\/page"}],"author":[{"embeddable":true,"href":"http:\/\/matthieu.choblet.com\/index.php?rest_route=\/wp\/v2\/users\/1"}],"replies":[{"embeddable":true,"href":"http:\/\/matthieu.choblet.com\/index.php?rest_route=%2Fwp%2Fv2%2Fcomments&post=378"}],"version-history":[{"count":9,"href":"http:\/\/matthieu.choblet.com\/index.php?rest_route=\/wp\/v2\/pages\/378\/revisions"}],"predecessor-version":[{"id":464,"href":"http:\/\/matthieu.choblet.com\/index.php?rest_route=\/wp\/v2\/pages\/378\/revisions\/464"}],"wp:attachment":[{"href":"http:\/\/matthieu.choblet.com\/index.php?rest_route=%2Fwp%2Fv2%2Fmedia&parent=378"}],"curies":[{"name":"wp","href":"https:\/\/api.w.org\/{rel}","templated":true}]}}