{"id":242,"date":"2018-05-27T15:04:45","date_gmt":"2018-05-27T15:04:45","guid":{"rendered":"http:\/\/matthieu.choblet.com\/?page_id=242"},"modified":"2019-11-03T10:05:29","modified_gmt":"2019-11-03T10:05:29","slug":"datenschutzerklaerung","status":"publish","type":"page","link":"http:\/\/matthieu.choblet.com\/?page_id=242","title":{"rendered":"Datenschutzerkl\u00e4rung"},"content":{"rendered":"<h1><strong>Datenschutzerkl\u00e4rung<\/strong><\/h1>\n<p>Diese Datenschutzerkl\u00e4rung kl\u00e4rt Sie \u00fcber die Art, den Umfang und Zweck der Verarbeitung von personenbezogenen Daten (nachfolgend kurz \u201eDaten\u201c) innerhalb unseres Onlineangebotes auf.<\/p>\n<h2>Verantwortlicher<\/h2>\n<p>Matthieu Choblet<br \/>\nReuterstra\u00dfe 19<br \/>\n66117 Saarbr\u00fccken<\/p>\n<p>mchoblet[aet]gmx[dot]net<\/p>\n<p>Die Adresse unserer Website ist: http:\/\/matthieu.choblet.com.<\/p>\n<h2>Datenschutz<\/h2>\n<p>Die Betreiber dieser Seiten nehmen den Schutz Ihrer personenbezogenen Daten sehr ernst. Wir behandeln Ihre Daten vertraulich und entsprechend der gesetzlichen Datenschutzvorschriften sowie dieser Datenschutzerkl\u00e4rung. Ma\u00dfgebliche Rechtsgrundlage ist die europ\u00e4ische Datenschutz-Grundverordnunung.<\/p>\n<h2>Externes Hosting<\/h2>\n<p>Diese Website wird bei einem externen Dienstleister gehostet (Hoster). Die personenbezogenen Daten, die auf dieser Website erfasst werden, werden auf den Servern des Hosters gespeichert. Hierbei kann es sich v.a. um IP-Adressen, Kontaktanfragen, Meta- und Kommunikationsdaten, Vertragsdaten, Kontaktdaten,<br \/>\nNamen, Webseitenzugriffe und sonstige Daten, die \u00fcber eine Website generiert werden, handeln. Der Einsatz des Hosters erfolgt zum Zwecke der Vertragserf\u00fcllung gegen\u00fcber unseren potenziellen und bestehenden Kunden (Art. 6 Abs. 1 lit. b DSGVO) und im Interesse einer sicheren, schnellen und effizienten Bereitstellung unseres Online-Angebots durch einen professionellen Anbieter (Art. 6 Abs. 1 lit. f DSGVO).<br \/>\nUnser Hoster wird Ihre Daten nur insoweit verarbeiten, wie dies zur Erf\u00fcllung seiner Leistungspflichten erforderlich ist und unsere Weisungen in Bezug auf diese Daten befolgen.<\/p>\n<h2>Kommentarfunktion auf dieser<br \/>\nWebsite<\/h2>\n<p>Diese Website wurde mit WordPress erstellt. Wenn Besucher Kommentare auf der Website schreiben, sammelt WordPress die Daten, die im Kommentar-Formular angezeigt werden, au\u00dferdem die IP-Adresse des Besuchers und den User-Agent-String (damit wird der Browser identifiziert), um die Erkennung von Spam zu unterst\u00fctzen. Aus Ihrer E-Mail-Adresse kann eine anonymisierte Zeichenfolge erstellt (auch Hash genannt) und dem Gravatar-Dienst \u00fcbergeben werden, um die Adresse zu pr\u00fcfen. Die Datenschutzerkl\u00e4rung des Gravatar-Dienstes finden Sie hier: https:\/\/automattic.com\/privacy\/. Nachdem Ihr Kommentar freigegeben wurde, ist Ihr Profilbild \u00f6ffentlich im Kontext des Kommentars sichtbar. Besucher-Kommentare k\u00f6nnen auch von einem automatisierten Dienst zur Spam-Erkennung untersucht werden.<\/p>\n<p>Soweit von den Betreibern dieser Website personenbezogene Daten (Nutzername, E-Mail-Adresse und Nutzungszeitpunkt in der Kommentar-Funktion) erhoben werden, erfolgt dies, soweit m\u00f6glich, stets auf freiwilliger Basis. Diese Daten werden nur zum Zweck der Bearbeitung des Kommentars verarbeitet. Diese Daten geben wir nicht ohne Ihre Einwilligung weiter.<\/p>\n<p>Wir weisen darauf hin, dass die Daten\u00fcbertragung im Internet (z.B. bei der Kommunikation per E-Mail) Sicherheitsl\u00fccken aufweisen kann. Ein l\u00fcckenloser Schutz der Daten vor dem Zugriff durch Dritte ist nicht m\u00f6glich.<\/p>\n<h2>Anfrage per E-Mail<\/h2>\n<p>Wenn Sie uns per E-Mail kontaktieren, wird Ihre Anfrage inklusive aller daraus<br \/>\nhervorgehenden personenbezogenen Daten zum Zwecke der Bearbeitung Ihres Anliegens bei uns gespeichert und verarbeitet. Diese Daten geben wir nicht ohne Ihre Einwilligung weiter. Die Verarbeitung dieser Daten erfolgt auf Grundlage von Art. 6 Abs. 1 lit. b DSGVO, sofern Ihre Anfrage mit der Erf\u00fcllung eines Vertrags zusammenh\u00e4ngt oder zur Durchf\u00fchrung vorvertraglicher Ma\u00dfnahmen erforderlich ist. In allen \u00fcbrigen F\u00e4llen beruht die Verarbeitung auf Ihrer Einwilligung (Art. 6 Abs. 1 lit. a DSGVO) und\/oder auf unseren berechtigten Interessen (Art. 6 Abs. 1 lit. f DSGVO), da wir ein berechtigtes Interesse an der effektiven Bearbeitung der an uns gerichteten Anfragen haben. Die von Ihnen an uns per Kontaktanfragen \u00fcbersandten Daten verbleiben bei uns, bis Sie uns zur L\u00f6schung auffordern, Ihre Einwilligung zur Speicherung widerrufen oder der Zweck f\u00fcr die Datenspeicherung entf\u00e4llt (z. B. nach abgeschlossener Bearbeitung Ihres Anliegens). Zwingende gesetzliche Bestimmungen \u2013 insbesondere gesetzliche Aufbewahrungsfristen \u2013 bleiben unber\u00fchrt.<\/p>\n<h2>Kontaktformular<\/h2>\n<p>Wenn Sie uns per Kontaktformular Anfragen zukommen lassen, werden Ihre Angaben aus dem Anfrageformular inklusive der von Ihnen dort angegebenen Kontaktdaten zwecks Bearbeitung der Anfrage und f\u00fcr den Fall von Anschlussfragen bei uns gespeichert. Diese Daten geben wir nicht ohne Ihre Einwilligung weiter.<\/p>\n<h2>Cookies<\/h2>\n<p>Wenn Sie einen Kommentar auf unserer Website schreiben, kann das eine Einwilligung sein, Ihren Namen, E-Mail-Adresse und Website in Cookies zu speichern. Diese Cookies werden ein Jahr lang gespeichert.<\/p>\n<h2>Eingebettete Inhalte von anderen Websites<\/h2>\n<p>Beitr\u00e4ge auf dieser Website k\u00f6nnen eingebettete Inhalte beinhalten (z.\u00a0B. Videos, Bilder, Beitr\u00e4ge etc.). Eingebettete Inhalte von anderen Websites verhalten sich exakt so, als ob der Besucher die andere Website besucht h\u00e4tte.<\/p>\n<p>Diese Websites k\u00f6nnen Daten \u00fcber Sie sammeln, Cookies benutzen, zus\u00e4tzliche Tracking-Dienste von Dritten einbetten und Ihre Interaktion mit diesem eingebetteten Inhalt aufzeichnen, inklusive Ihrer Interaktion mit dem eingebetteten Inhalt, falls Sie ein Konto haben und auf dieser Website angemeldet sind.<\/p>\n<h2>Google Web Fonts<\/h2>\n<p>Diese Seite nutzt zur einheitlichen Darstellung von Schriftarten so genannte Web Fonts, die von Google bereitgestellt werden. Die Google Fonts sind lokal installiert. Eine Verbindung zu Servern von Google findet dabei nicht statt.<\/p>\n<h2>Wie lange Ihre Daten gespeichert werden<\/h2>\n<p>Wenn Sie einen Kommentar schreiben, wird dieser inklusive Metadaten zeitlich unbegrenzt gespeichert. Alle Benutzer k\u00f6nnen jederzeit ihre pers\u00f6nlichen Informationen einsehen, ver\u00e4ndern oder l\u00f6schen. Die Betreiber dieser Website k\u00f6nnen die pers\u00f6nlichen Informationen ebenfalls einsehen.<\/p>\n<h2>Welche Rechte Sie an Ihren Daten haben<\/h2>\n<p>Wenn Sie auf dieser Website Kommentare geschrieben haben, k\u00f6nnen Sie einen Export Ihrer personenbezogenen Daten bei uns anfordern, inklusive aller Daten, die Sie uns mitgeteilt haben. Dar\u00fcber hinaus k\u00f6nnen Sie die Berichtigung oder L\u00f6schung aller personenbezogenen Daten, die wir von Ihnen gespeichert haben, anfordern. Dies umfasst nicht die Daten, die aufgrund administrativer, rechtlicher oder sicherheitsrelevanter Notwendigkeiten aufbewahrt werden m\u00fcssen.<\/p>\n<p>Im Falle von Verst\u00f6\u00dfen gegen die DSGVO steht den Betroffenen ein Beschwerderecht bei einer Aufsichtsbeh\u00f6rde, insbesondere in dem Mitgliedstaat ihres gew\u00f6hnlichen Aufenthalts, ihres Arbeitsplatzes oder des Orts des mutma\u00dflichen Versto\u00dfes zu. Das Beschwerderecht besteht unbeschadet anderweitiger verwaltungsrechtlicher oder gerichtlicher Rechtsbehelfe.<\/p>\n<p>Sie haben im Rahmen der geltenden gesetzlichen Bestimmungen jederzeit das Recht auf unentgeltliche Auskunft \u00fcber Ihre gespeicherten personenbezogenen Daten, deren Herkunft und Empf\u00e4nger und den Zweck der Datenverarbeitung und ggf. ein Recht auf Berichtigung oder L\u00f6schung dieser Daten. Hierzu sowie zu weiteren Fragen zum Thema personenbezogene Daten k\u00f6nnen Sie sich jederzeit unter der im Impressum angegebenen Adresse an uns wenden.<\/p>\n<p>Wenn Sie weitere Fragen zum Thema Datenschutz haben, k\u00f6nnen Sie sich jederzeit unter der obenstehenden Adresse oder der im Impressum angegebenen Adresse an uns wenden.<\/p>\n<p>Quelle:<br \/>\ne-recht24.de<\/p>\n","protected":false},"excerpt":{"rendered":"<p>Datenschutzerkl\u00e4rung Diese Datenschutzerkl\u00e4rung kl\u00e4rt Sie \u00fcber die Art, den Umfang und Zweck der Verarbeitung von personenbezogenen Daten (nachfolgend kurz \u201eDaten\u201c) innerhalb unseres Onlineangebotes auf. Verantwortlicher Matthieu Choblet Reuterstra\u00dfe 19 66117 Saarbr\u00fccken mchoblet[aet]gmx[dot]net Die Adresse unserer Website ist: http:\/\/matthieu.choblet.com. Datenschutz Die Betreiber dieser Seiten nehmen den Schutz Ihrer personenbezogenen Daten sehr ernst. Wir behandeln Ihre Daten &hellip; <\/p>\n<p class=\"link-more\"><a href=\"http:\/\/matthieu.choblet.com\/?page_id=242\" class=\"more-link\"><span class=\"screen-reader-text\">\u201eDatenschutzerkl\u00e4rung\u201c<\/span> weiterlesen<\/a><\/p>\n","protected":false},"author":1,"featured_media":0,"parent":0,"menu_order":0,"comment_status":"closed","ping_status":"closed","template":"","meta":{"footnotes":""},"class_list":["post-242","page","type-page","status-publish","hentry"],"_links":{"self":[{"href":"http:\/\/matthieu.choblet.com\/index.php?rest_route=\/wp\/v2\/pages\/242","targetHints":{"allow":["GET"]}}],"collection":[{"href":"http:\/\/matthieu.choblet.com\/index.php?rest_route=\/wp\/v2\/pages"}],"about":[{"href":"http:\/\/matthieu.choblet.com\/index.php?rest_route=\/wp\/v2\/types\/page"}],"author":[{"embeddable":true,"href":"http:\/\/matthieu.choblet.com\/index.php?rest_route=\/wp\/v2\/users\/1"}],"replies":[{"embeddable":true,"href":"http:\/\/matthieu.choblet.com\/index.php?rest_route=%2Fwp%2Fv2%2Fcomments&post=242"}],"version-history":[{"count":9,"href":"http:\/\/matthieu.choblet.com\/index.php?rest_route=\/wp\/v2\/pages\/242\/revisions"}],"predecessor-version":[{"id":377,"href":"http:\/\/matthieu.choblet.com\/index.php?rest_route=\/wp\/v2\/pages\/242\/revisions\/377"}],"wp:attachment":[{"href":"http:\/\/matthieu.choblet.com\/index.php?rest_route=%2Fwp%2Fv2%2Fmedia&parent=242"}],"curies":[{"name":"wp","href":"https:\/\/api.w.org\/{rel}","templated":true}]}}